{"id":2,"date":"2023-05-25T14:39:01","date_gmt":"2023-05-25T14:39:01","guid":{"rendered":"https:\/\/oktoberfest.flaeckegosler.ch\/?page_id=2"},"modified":"2025-09-15T07:52:34","modified_gmt":"2025-09-15T07:52:34","slug":"sample-page","status":"publish","type":"page","link":"https:\/\/www.rothenburger-oktoberfest.ch\/?page_id=2","title":{"rendered":"Informationen"},"content":{"rendered":"\n<h2 class=\"wp-block-heading\"><strong>Festzeltstimmung garantiert<\/strong><\/h2>\n\n\n\n<p style=\"font-size:16px\">Das Rothenburger Oktoberfest findet <mark style=\"background-color:rgba(0, 0, 0, 0)\" class=\"has-inline-color has-black-color\">im grossen Festzelt im inneren der Ch\u00e4rnshalle Rothenburg<\/mark> statt.<\/p>\n\n\n\n<p style=\"font-size:16px\">Nach dem Oktoberfest (siehe Programm) steigt die Mega-Sause mit der einizigartigen Oktoberfest-Afterparty in der Ch\u00e4rnshalle.<\/p>\n\n\n\n<p style=\"font-size:16px\">Der Aussenbereich (nur bei sch\u00f6nem Wetter) und die Wiesen-Lounge laden zum entspannten verweilen ein.<\/p>\n\n\n\n<hr class=\"wp-block-separator has-alpha-channel-opacity\"\/>\n\n\n\n<h2 class=\"wp-block-heading\"><strong>Programm<\/strong><\/h2>\n\n\n\n<h4 class=\"wp-block-heading\"><strong>17:00 Uhr \u2013 Start des Fests<\/strong> &#8211; Feluska Rain<\/h4>\n\n\n\n<p style=\"font-size:16px\">Mit <strong>Feluska<\/strong> <strong>Rain <\/strong>im Aussenbereich \u2013 Stimmung gleich zu Beginn garantiert!<\/p>\n\n\n\n<h4 class=\"wp-block-heading\"><strong>18:15 Uhr \u2013 Air Brass (Innenbereich)<\/strong><\/h4>\n\n\n\n<p style=\"font-size:16px\">Die energiegeladene Brassband aus dem Dorf sorgt f\u00fcr ordentlich Schwung im Innenbereich.<\/p>\n\n\n\n<h4 class=\"wp-block-heading\"><strong>ca. 18:30 Uhr \u2013 Anstich<\/strong><\/h4>\n\n\n\n<p style=\"font-size:16px\">Der traditionelle <strong>Bieranstich<\/strong> \u2013 Prosit auf einen gelungenen Abend!<\/p>\n\n\n\n<h4 class=\"wp-block-heading\"><strong>19:00 Uhr \u2013 Mostlandst\u00fcrmer<\/strong><\/h4>\n\n\n\n<p style=\"font-size:16px\">Die B\u00fchne geh\u00f6rt jetzt den <strong>Mostlandst\u00fcrmern<\/strong> \u2013 Party pur!<\/p>\n\n\n\n<h4 class=\"wp-block-heading\"><strong>23:30 Uhr \u2013 L<\/strong>etzte Runde<\/h4>\n\n\n\n<h4 class=\"wp-block-heading\">ab <strong>23:00 Uhr \u2013 Afterparty<\/strong> &amp; Wiesnlounge<\/h4>\n\n\n\n<p style=\"font-size:16px\">Feiern bis sp\u00e4t in die Nacht \u2013 <strong>Afterparty<\/strong> mit DJ &amp; \u00dcberraschungen!<\/p>\n\n\n\n<hr class=\"wp-block-separator has-alpha-channel-opacity\"\/>\n\n\n\n<h2 class=\"wp-block-heading\"><strong><mark style=\"background-color:rgba(0, 0, 0, 0)\" class=\"has-inline-color has-black-color\">Mostlandst\u00fcrmer: <\/mark>Power aus Nieder\u00f6sterreich<\/strong><\/h2>\n\n\n\n<p style=\"font-size:16px\">F\u00fcr musikalische Unterhaltung und tolle Stimmung im Festzelt sorgen die <a href=\"https:\/\/www.mostlandstuermer.at\/\" target=\"_blank\" rel=\"noreferrer noopener\">Mostlandst\u00fcrmer<\/a>. Sein&#8217;s griasst!<\/p>\n\n\n<div class=\"wp-block-image\">\n<figure class=\"aligncenter size-full is-resized\"><img loading=\"lazy\" decoding=\"async\" width=\"2560\" height=\"1707\" src=\"https:\/\/www.rothenburger-oktoberfest.ch\/wp-content\/uploads\/2024\/04\/Mostlandstuermer-scaled.jpg\" alt=\"\" class=\"wp-image-1118\" style=\"width:442px;height:auto\" srcset=\"https:\/\/www.rothenburger-oktoberfest.ch\/wp-content\/uploads\/2024\/04\/Mostlandstuermer-scaled.jpg 2560w, https:\/\/www.rothenburger-oktoberfest.ch\/wp-content\/uploads\/2024\/04\/Mostlandstuermer-300x200.jpg 300w, https:\/\/www.rothenburger-oktoberfest.ch\/wp-content\/uploads\/2024\/04\/Mostlandstuermer-1024x683.jpg 1024w, https:\/\/www.rothenburger-oktoberfest.ch\/wp-content\/uploads\/2024\/04\/Mostlandstuermer-768x512.jpg 768w, https:\/\/www.rothenburger-oktoberfest.ch\/wp-content\/uploads\/2024\/04\/Mostlandstuermer-1536x1024.jpg 1536w, https:\/\/www.rothenburger-oktoberfest.ch\/wp-content\/uploads\/2024\/04\/Mostlandstuermer-2048x1365.jpg 2048w\" sizes=\"auto, (max-width: 2560px) 100vw, 2560px\" \/><\/figure>\n<\/div>\n\n\n<hr class=\"wp-block-separator has-alpha-channel-opacity\"\/>\n\n\n\n<h2 class=\"wp-block-heading\"><strong>Feluska Rain<\/strong><\/h2>\n\n\n\n<p style=\"font-size:16px\">Wir freuen uns, dass die <a href=\"https:\/\/www.feluska.ch\/\">Feluska<\/a>, Blasmusikformation aus dem benachbarten Rain, unseren Anlass bereichert, ganz nach dem Motto:&#8220;Aus der Region, f\u00fcr die Region&#8220;.<\/p>\n\n\n\n<figure class=\"wp-block-gallery has-nested-images columns-default is-cropped wp-block-gallery-1 is-layout-flex wp-block-gallery-is-layout-flex\">\n<figure class=\"wp-block-image size-large\"><img loading=\"lazy\" decoding=\"async\" width=\"1024\" height=\"683\" data-id=\"1272\" src=\"https:\/\/www.rothenburger-oktoberfest.ch\/wp-content\/uploads\/2024\/06\/Feluska-4-1024x683.png\" alt=\"\" class=\"wp-image-1272\" srcset=\"https:\/\/www.rothenburger-oktoberfest.ch\/wp-content\/uploads\/2024\/06\/Feluska-4-1024x683.png 1024w, https:\/\/www.rothenburger-oktoberfest.ch\/wp-content\/uploads\/2024\/06\/Feluska-4-300x200.png 300w, https:\/\/www.rothenburger-oktoberfest.ch\/wp-content\/uploads\/2024\/06\/Feluska-4-768x512.png 768w, https:\/\/www.rothenburger-oktoberfest.ch\/wp-content\/uploads\/2024\/06\/Feluska-4.png 1119w\" sizes=\"auto, (max-width: 1024px) 100vw, 1024px\" \/><\/figure>\n\n\n\n<figure class=\"wp-block-image size-large\"><img loading=\"lazy\" decoding=\"async\" width=\"1024\" height=\"682\" data-id=\"1271\" src=\"https:\/\/www.rothenburger-oktoberfest.ch\/wp-content\/uploads\/2024\/06\/Feluska-3-1024x682.png\" alt=\"\" class=\"wp-image-1271\" srcset=\"https:\/\/www.rothenburger-oktoberfest.ch\/wp-content\/uploads\/2024\/06\/Feluska-3-1024x682.png 1024w, https:\/\/www.rothenburger-oktoberfest.ch\/wp-content\/uploads\/2024\/06\/Feluska-3-300x200.png 300w, https:\/\/www.rothenburger-oktoberfest.ch\/wp-content\/uploads\/2024\/06\/Feluska-3-768x512.png 768w, https:\/\/www.rothenburger-oktoberfest.ch\/wp-content\/uploads\/2024\/06\/Feluska-3.png 1118w\" sizes=\"auto, (max-width: 1024px) 100vw, 1024px\" \/><\/figure>\n<\/figure>\n\n\n\n<hr class=\"wp-block-separator has-alpha-channel-opacity\"\/>\n\n\n\n<h2 class=\"wp-block-heading\">airbrass<\/h2>\n\n\n\n<p style=\"font-size:16px\"><a href=\"https:\/\/www.airbrass.ch\/\">Air Brass <\/a>bringt mit energiegeladener Brass-Power jede B\u00fchne zum Beben \u2013 Blasmusik trifft auf Party pur!<br>Modern, mitreissend und garantiert tanzbar \u2013 diese Truppe aus dem Dorf macht keine halben Sachen.<\/p>\n\n\n\n<figure class=\"wp-block-image size-large\"><img loading=\"lazy\" decoding=\"async\" width=\"1024\" height=\"378\" src=\"https:\/\/www.rothenburger-oktoberfest.ch\/wp-content\/uploads\/2025\/07\/airbrass-1024x378.jpg\" alt=\"\" class=\"wp-image-2299\" srcset=\"https:\/\/www.rothenburger-oktoberfest.ch\/wp-content\/uploads\/2025\/07\/airbrass-1024x378.jpg 1024w, https:\/\/www.rothenburger-oktoberfest.ch\/wp-content\/uploads\/2025\/07\/airbrass-300x111.jpg 300w, https:\/\/www.rothenburger-oktoberfest.ch\/wp-content\/uploads\/2025\/07\/airbrass-768x283.jpg 768w, https:\/\/www.rothenburger-oktoberfest.ch\/wp-content\/uploads\/2025\/07\/airbrass-1536x567.jpg 1536w, https:\/\/www.rothenburger-oktoberfest.ch\/wp-content\/uploads\/2025\/07\/airbrass.jpg 1840w\" sizes=\"auto, (max-width: 1024px) 100vw, 1024px\" \/><\/figure>\n\n\n\n<hr class=\"wp-block-separator has-alpha-channel-opacity\"\/>\n\n\n\n<h2 class=\"wp-block-heading\"><strong>Mindestalter<\/strong><\/h2>\n\n\n\n<p style=\"font-size:16px\">Zutritt zum Rothenburger Oktoberfest ist ab 16 Jahren gestattet (Alterskontrolle beim Einlass). Das Barpersonal beh\u00e4lt sich Ausweiskontrollen vor.<\/p>\n\n\n\n<hr class=\"wp-block-separator has-alpha-channel-opacity\"\/>\n\n\n\n<h2 class=\"wp-block-heading\"><strong>Bezahlung vor Ort<\/strong><\/h2>\n\n\n\n<p style=\"font-size:16px\">Auf dem ganzen Festareal kann mit Bargeld oder Twint bezahlt werden.<\/p>\n\n\n\n<hr class=\"wp-block-separator has-alpha-channel-opacity\"\/>\n\n\n\n<h2 class=\"wp-block-heading\"><strong>Eintrittsb\u00e4ndel und Bons<\/strong><\/h2>\n\n\n\n<p style=\"font-size:16px\">Beim Einlass wird dein Ticket gescannt (Angebote &amp; Tickets). Du erh\u00e4ltst dann Eintrittsb\u00e4ndel und Konsumationsbons gem\u00e4ss deiner Buchung. F\u00fcr die verschiedenen Bons besteht kein Anrecht auf R\u00fcckerstattung.<\/p>\n\n\n\n<hr class=\"wp-block-separator has-alpha-channel-opacity\"\/>\n\n\n\n<h2 class=\"wp-block-heading\"><strong>Abendkasse<\/strong><\/h2>\n\n\n\n<p style=\"font-size:16px\">Du planst nicht gerne? Du kannst dein Gl\u00fcck an der Abendkasse versuchen, falls es noch Tickets hat, wird diese ge\u00f6ffnet sein.<\/p>\n\n\n\n<hr class=\"wp-block-separator has-alpha-channel-opacity\"\/>\n\n\n\n<h2 class=\"wp-block-heading\"><strong>Afterparty<\/strong><\/h2>\n\n\n\n<p style=\"font-size:16px\">Ab Ca. 22:30 Uhr bis ca. 03:00 Uhr steigt auf der B\u00fchne der Ch\u00e4rnshalle die Afterparty vom Rothenburger Oktoberfest. Die Afterparty ist auch zug\u00e4nglich ohne Ticket f\u00fcrs Rothenburger Oktoberfest. Der Eintritt ist frei.<\/p>\n\n\n\n<hr class=\"wp-block-separator has-alpha-channel-opacity\"\/>\n\n\n\n<h2 class=\"wp-block-heading\"><strong>Heimreise<\/strong><\/h2>\n\n\n\n<p style=\"font-size:16px\">Wir appellieren an unsere Besucherinnen und Besucher, sich bei der Heimreise ruhig zu verhalten und R\u00fccksicht auf die Anwohner zu nehmen. Ein Sicherheitsdienst wird das Areal betreuen.<\/p>\n\n\n\n<hr class=\"wp-block-separator has-alpha-channel-opacity\"\/>\n\n\n\n<h2 class=\"wp-block-heading\"><strong>Bilder und Fotos<\/strong><\/h2>\n\n\n\n<p style=\"font-size:16px\">W\u00e4hrend des Rothenburger Oktoberfestes werden Film- und Fotoaufnahmen get\u00e4tigt, welche f\u00fcr Werbezwecke genutzt werden k\u00f6nnen. Mit deiner Teilnahme stimmst du deren Ver\u00f6ffentlichung zu.<\/p>\n\n\n\n<hr class=\"wp-block-separator has-alpha-channel-opacity\"\/>\n\n\n\n<h2 class=\"wp-block-heading\"><strong>Getr\u00e4nkebons f\u00fcr F\u00f6rderer<\/strong><\/h2>\n\n\n\n<p style=\"font-size:16px\">Die Get\u00e4nkebons f\u00fcr unsere F\u00f6rderer (Sponsoring) sind an der Abendkasse abholbar.<\/p>\n","protected":false},"excerpt":{"rendered":"<p>Festzeltstimmung garantiert Das Rothenburger Oktoberfest findet im grossen Festzelt im inneren der Ch\u00e4rnshalle Rothenburg statt. Nach dem Oktoberfest (siehe Programm) steigt die Mega-Sause mit der einizigartigen Oktoberfest-Afterparty in der Ch\u00e4rnshalle. Der Aussenbereich (nur bei sch\u00f6nem Wetter) und die Wiesen-Lounge laden zum entspannten verweilen ein. Programm 17:00 Uhr \u2013 Start des Fests &#8211; Feluska Rain Mit [&hellip;]<\/p>\n","protected":false},"author":1,"featured_media":0,"parent":0,"menu_order":0,"comment_status":"closed","ping_status":"closed","template":"","meta":{"ngg_post_thumbnail":0,"footnotes":""},"class_list":["post-2","page","type-page","status-publish","hentry"],"yoast_head":"<!-- This site is optimized with the Yoast SEO plugin v27.2 - https:\/\/yoast.com\/product\/yoast-seo-wordpress\/ -->\n<title>Informationen - Rothenburger Oktoberfest<\/title>\n<meta name=\"robots\" content=\"index, follow, max-snippet:-1, max-image-preview:large, max-video-preview:-1\" \/>\n<link rel=\"canonical\" href=\"https:\/\/www.rothenburger-oktoberfest.ch\/?page_id=2\" \/>\n<meta property=\"og:locale\" content=\"de_DE\" \/>\n<meta property=\"og:type\" content=\"article\" \/>\n<meta property=\"og:title\" content=\"Informationen - Rothenburger Oktoberfest\" \/>\n<meta property=\"og:description\" content=\"Festzeltstimmung garantiert Das Rothenburger Oktoberfest findet im grossen Festzelt im inneren der Ch\u00e4rnshalle Rothenburg statt. Nach dem Oktoberfest (siehe Programm) steigt die Mega-Sause mit der einizigartigen Oktoberfest-Afterparty in der Ch\u00e4rnshalle. Der Aussenbereich (nur bei sch\u00f6nem Wetter) und die Wiesen-Lounge laden zum entspannten verweilen ein. Programm 17:00 Uhr \u2013 Start des Fests &#8211; Feluska Rain Mit [&hellip;]\" \/>\n<meta property=\"og:url\" content=\"https:\/\/www.rothenburger-oktoberfest.ch\/?page_id=2\" \/>\n<meta property=\"og:site_name\" content=\"Rothenburger Oktoberfest\" \/>\n<meta property=\"article:modified_time\" content=\"2025-09-15T07:52:34+00:00\" \/>\n<meta property=\"og:image\" content=\"https:\/\/www.rothenburger-oktoberfest.ch\/wp-content\/uploads\/2024\/04\/Mostlandstuermer-scaled.jpg\" \/>\n\t<meta property=\"og:image:width\" content=\"2560\" \/>\n\t<meta property=\"og:image:height\" content=\"1707\" \/>\n\t<meta property=\"og:image:type\" content=\"image\/jpeg\" \/>\n<meta name=\"twitter:card\" content=\"summary_large_image\" \/>\n<script type=\"application\/ld+json\" class=\"yoast-schema-graph\">{\"@context\":\"https:\/\/schema.org\",\"@graph\":[{\"@type\":\"WebPage\",\"@id\":\"https:\/\/www.rothenburger-oktoberfest.ch\/?page_id=2\",\"url\":\"https:\/\/www.rothenburger-oktoberfest.ch\/?page_id=2\",\"name\":\"Informationen - Rothenburger Oktoberfest\",\"isPartOf\":{\"@id\":\"https:\/\/www.rothenburger-oktoberfest.ch\/#website\"},\"primaryImageOfPage\":{\"@id\":\"https:\/\/www.rothenburger-oktoberfest.ch\/?page_id=2#primaryimage\"},\"image\":{\"@id\":\"https:\/\/www.rothenburger-oktoberfest.ch\/?page_id=2#primaryimage\"},\"thumbnailUrl\":\"https:\/\/www.rothenburger-oktoberfest.ch\/wp-content\/uploads\/2024\/04\/Mostlandstuermer-scaled.jpg\",\"datePublished\":\"2023-05-25T14:39:01+00:00\",\"dateModified\":\"2025-09-15T07:52:34+00:00\",\"breadcrumb\":{\"@id\":\"https:\/\/www.rothenburger-oktoberfest.ch\/?page_id=2#breadcrumb\"},\"inLanguage\":\"de\",\"potentialAction\":[{\"@type\":\"ReadAction\",\"target\":[\"https:\/\/www.rothenburger-oktoberfest.ch\/?page_id=2\"]}]},{\"@type\":\"ImageObject\",\"inLanguage\":\"de\",\"@id\":\"https:\/\/www.rothenburger-oktoberfest.ch\/?page_id=2#primaryimage\",\"url\":\"https:\/\/www.rothenburger-oktoberfest.ch\/wp-content\/uploads\/2024\/04\/Mostlandstuermer-scaled.jpg\",\"contentUrl\":\"https:\/\/www.rothenburger-oktoberfest.ch\/wp-content\/uploads\/2024\/04\/Mostlandstuermer-scaled.jpg\",\"width\":2560,\"height\":1707},{\"@type\":\"BreadcrumbList\",\"@id\":\"https:\/\/www.rothenburger-oktoberfest.ch\/?page_id=2#breadcrumb\",\"itemListElement\":[{\"@type\":\"ListItem\",\"position\":1,\"name\":\"Startseite\",\"item\":\"https:\/\/www.rothenburger-oktoberfest.ch\/\"},{\"@type\":\"ListItem\",\"position\":2,\"name\":\"Informationen\"}]},{\"@type\":\"WebSite\",\"@id\":\"https:\/\/www.rothenburger-oktoberfest.ch\/#website\",\"url\":\"https:\/\/www.rothenburger-oktoberfest.ch\/\",\"name\":\"Rothenburger Oktoberfest\",\"description\":\"Ein Prosit der Gemutlichkeit...\",\"publisher\":{\"@id\":\"https:\/\/www.rothenburger-oktoberfest.ch\/#organization\"},\"potentialAction\":[{\"@type\":\"SearchAction\",\"target\":{\"@type\":\"EntryPoint\",\"urlTemplate\":\"https:\/\/www.rothenburger-oktoberfest.ch\/?s={search_term_string}\"},\"query-input\":{\"@type\":\"PropertyValueSpecification\",\"valueRequired\":true,\"valueName\":\"search_term_string\"}}],\"inLanguage\":\"de\"},{\"@type\":\"Organization\",\"@id\":\"https:\/\/www.rothenburger-oktoberfest.ch\/#organization\",\"name\":\"Rothenburger Oktoberfest\",\"url\":\"https:\/\/www.rothenburger-oktoberfest.ch\/\",\"logo\":{\"@type\":\"ImageObject\",\"inLanguage\":\"de\",\"@id\":\"https:\/\/www.rothenburger-oktoberfest.ch\/#\/schema\/logo\/image\/\",\"url\":\"https:\/\/www.rothenburger-oktoberfest.ch\/wp-content\/uploads\/2023\/05\/cropped-cropped-Header-Webseite-2-1-1.jpg\",\"contentUrl\":\"https:\/\/www.rothenburger-oktoberfest.ch\/wp-content\/uploads\/2023\/05\/cropped-cropped-Header-Webseite-2-1-1.jpg\",\"width\":1063,\"height\":320,\"caption\":\"Rothenburger Oktoberfest\"},\"image\":{\"@id\":\"https:\/\/www.rothenburger-oktoberfest.ch\/#\/schema\/logo\/image\/\"}}]}<\/script>\n<!-- \/ Yoast SEO plugin. -->","yoast_head_json":{"title":"Informationen - Rothenburger Oktoberfest","robots":{"index":"index","follow":"follow","max-snippet":"max-snippet:-1","max-image-preview":"max-image-preview:large","max-video-preview":"max-video-preview:-1"},"canonical":"https:\/\/www.rothenburger-oktoberfest.ch\/?page_id=2","og_locale":"de_DE","og_type":"article","og_title":"Informationen - Rothenburger Oktoberfest","og_description":"Festzeltstimmung garantiert Das Rothenburger Oktoberfest findet im grossen Festzelt im inneren der Ch\u00e4rnshalle Rothenburg statt. Nach dem Oktoberfest (siehe Programm) steigt die Mega-Sause mit der einizigartigen Oktoberfest-Afterparty in der Ch\u00e4rnshalle. Der Aussenbereich (nur bei sch\u00f6nem Wetter) und die Wiesen-Lounge laden zum entspannten verweilen ein. Programm 17:00 Uhr \u2013 Start des Fests &#8211; Feluska Rain Mit [&hellip;]","og_url":"https:\/\/www.rothenburger-oktoberfest.ch\/?page_id=2","og_site_name":"Rothenburger Oktoberfest","article_modified_time":"2025-09-15T07:52:34+00:00","og_image":[{"width":2560,"height":1707,"url":"https:\/\/www.rothenburger-oktoberfest.ch\/wp-content\/uploads\/2024\/04\/Mostlandstuermer-scaled.jpg","type":"image\/jpeg"}],"twitter_card":"summary_large_image","schema":{"@context":"https:\/\/schema.org","@graph":[{"@type":"WebPage","@id":"https:\/\/www.rothenburger-oktoberfest.ch\/?page_id=2","url":"https:\/\/www.rothenburger-oktoberfest.ch\/?page_id=2","name":"Informationen - Rothenburger Oktoberfest","isPartOf":{"@id":"https:\/\/www.rothenburger-oktoberfest.ch\/#website"},"primaryImageOfPage":{"@id":"https:\/\/www.rothenburger-oktoberfest.ch\/?page_id=2#primaryimage"},"image":{"@id":"https:\/\/www.rothenburger-oktoberfest.ch\/?page_id=2#primaryimage"},"thumbnailUrl":"https:\/\/www.rothenburger-oktoberfest.ch\/wp-content\/uploads\/2024\/04\/Mostlandstuermer-scaled.jpg","datePublished":"2023-05-25T14:39:01+00:00","dateModified":"2025-09-15T07:52:34+00:00","breadcrumb":{"@id":"https:\/\/www.rothenburger-oktoberfest.ch\/?page_id=2#breadcrumb"},"inLanguage":"de","potentialAction":[{"@type":"ReadAction","target":["https:\/\/www.rothenburger-oktoberfest.ch\/?page_id=2"]}]},{"@type":"ImageObject","inLanguage":"de","@id":"https:\/\/www.rothenburger-oktoberfest.ch\/?page_id=2#primaryimage","url":"https:\/\/www.rothenburger-oktoberfest.ch\/wp-content\/uploads\/2024\/04\/Mostlandstuermer-scaled.jpg","contentUrl":"https:\/\/www.rothenburger-oktoberfest.ch\/wp-content\/uploads\/2024\/04\/Mostlandstuermer-scaled.jpg","width":2560,"height":1707},{"@type":"BreadcrumbList","@id":"https:\/\/www.rothenburger-oktoberfest.ch\/?page_id=2#breadcrumb","itemListElement":[{"@type":"ListItem","position":1,"name":"Startseite","item":"https:\/\/www.rothenburger-oktoberfest.ch\/"},{"@type":"ListItem","position":2,"name":"Informationen"}]},{"@type":"WebSite","@id":"https:\/\/www.rothenburger-oktoberfest.ch\/#website","url":"https:\/\/www.rothenburger-oktoberfest.ch\/","name":"Rothenburger Oktoberfest","description":"Ein Prosit der Gemutlichkeit...","publisher":{"@id":"https:\/\/www.rothenburger-oktoberfest.ch\/#organization"},"potentialAction":[{"@type":"SearchAction","target":{"@type":"EntryPoint","urlTemplate":"https:\/\/www.rothenburger-oktoberfest.ch\/?s={search_term_string}"},"query-input":{"@type":"PropertyValueSpecification","valueRequired":true,"valueName":"search_term_string"}}],"inLanguage":"de"},{"@type":"Organization","@id":"https:\/\/www.rothenburger-oktoberfest.ch\/#organization","name":"Rothenburger Oktoberfest","url":"https:\/\/www.rothenburger-oktoberfest.ch\/","logo":{"@type":"ImageObject","inLanguage":"de","@id":"https:\/\/www.rothenburger-oktoberfest.ch\/#\/schema\/logo\/image\/","url":"https:\/\/www.rothenburger-oktoberfest.ch\/wp-content\/uploads\/2023\/05\/cropped-cropped-Header-Webseite-2-1-1.jpg","contentUrl":"https:\/\/www.rothenburger-oktoberfest.ch\/wp-content\/uploads\/2023\/05\/cropped-cropped-Header-Webseite-2-1-1.jpg","width":1063,"height":320,"caption":"Rothenburger Oktoberfest"},"image":{"@id":"https:\/\/www.rothenburger-oktoberfest.ch\/#\/schema\/logo\/image\/"}}]}},"_links":{"self":[{"href":"https:\/\/www.rothenburger-oktoberfest.ch\/index.php?rest_route=\/wp\/v2\/pages\/2","targetHints":{"allow":["GET"]}}],"collection":[{"href":"https:\/\/www.rothenburger-oktoberfest.ch\/index.php?rest_route=\/wp\/v2\/pages"}],"about":[{"href":"https:\/\/www.rothenburger-oktoberfest.ch\/index.php?rest_route=\/wp\/v2\/types\/page"}],"author":[{"embeddable":true,"href":"https:\/\/www.rothenburger-oktoberfest.ch\/index.php?rest_route=\/wp\/v2\/users\/1"}],"replies":[{"embeddable":true,"href":"https:\/\/www.rothenburger-oktoberfest.ch\/index.php?rest_route=%2Fwp%2Fv2%2Fcomments&post=2"}],"version-history":[{"count":102,"href":"https:\/\/www.rothenburger-oktoberfest.ch\/index.php?rest_route=\/wp\/v2\/pages\/2\/revisions"}],"predecessor-version":[{"id":2392,"href":"https:\/\/www.rothenburger-oktoberfest.ch\/index.php?rest_route=\/wp\/v2\/pages\/2\/revisions\/2392"}],"wp:attachment":[{"href":"https:\/\/www.rothenburger-oktoberfest.ch\/index.php?rest_route=%2Fwp%2Fv2%2Fmedia&parent=2"}],"curies":[{"name":"wp","href":"https:\/\/api.w.org\/{rel}","templated":true}]}}