{"id":360,"date":"2023-08-23T05:12:17","date_gmt":"2023-08-23T05:12:17","guid":{"rendered":"https:\/\/www.rothenburger-oktoberfest.ch\/?page_id=360"},"modified":"2024-07-02T20:13:40","modified_gmt":"2024-07-02T20:13:40","slug":"an-und-abreise","status":"publish","type":"page","link":"https:\/\/www.rothenburger-oktoberfest.ch\/?page_id=360","title":{"rendered":"An- und Abreise"},"content":{"rendered":"\n<p style=\"font-size:16px\">Das Rothenburger Oktoberfest findet in der Ch\u00e4rnshalle Rothenburg statt.<\/p>\n\n\n<div id=\"wpgmza_map\" class=\"wpgmza_map\" data-settings='{\"id\":\"1\",\"map_title\":\"Oktoberfest Karte\",\"map_width\":\"100\",\"map_height\":\"400\",\"map_start_lat\":\"47.100923\",\"map_start_lng\":\"8.272708\",\"map_start_location\":\"45.950464398418106,-109.81550500000003\",\"map_start_zoom\":\"17\",\"default_marker\":\"\",\"type\":\"2\",\"alignment\":\"4\",\"directions_enabled\":\"0\",\"styling_enabled\":\"0\",\"styling_json\":\"\",\"active\":\"0\",\"kml\":\"\",\"bicycle\":\"0\",\"traffic\":\"0\",\"dbox\":\"0\",\"dbox_width\":\"\",\"listmarkers\":\"0\",\"listmarkers_advanced\":\"0\",\"filterbycat\":\"0\",\"ugm_enabled\":\"0\",\"ugm_category_enabled\":\"0\",\"fusion\":\"\",\"map_width_type\":\"%\",\"map_height_type\":\"px\",\"mass_marker_support\":\"0\",\"ugm_access\":\"0\",\"order_markers_by\":\"0\",\"order_markers_choice\":\"0\",\"show_user_location\":\"0\",\"default_to\":\"\",\"other_settings\":{\"map_type\":1,\"sl_stroke_color\":\"\",\"sl_fill_color\":\"\",\"sl_stroke_opacity\":\"\",\"sl_fill_opacity\":\"\",\"transport_layer\":false,\"action\":\"wpgmza_save_map\",\"redirect_to\":\"\\\/wp-admin\\\/admin-post.php\",\"map_id\":\"1\",\"http_referer\":\"\\\/wp-admin\\\/admin.php?page=wp-google-maps-menu&amp;amp;action=edit&amp;amp;map_id=1\",\"wpgmza_id\":\"1\",\"wpgmza_start_location\":\"47.100923,8.272708\",\"wpgmza_start_zoom\":\"17\",\"wpgmza_theme_data\":\"[]\",\"store_locator_enabled\":false,\"store_locator_search_area\":\"radial\",\"wpgmza_store_locator_radius_style\":\"legacy\",\"wpgmza_store_locator_default_radius\":\"10\",\"store_locator_auto_area_max_zoom\":\"\",\"store_locator_distance\":false,\"wpgmza_store_locator_position\":false,\"store_locator_show_distance\":false,\"store_locator_category\":false,\"wpgmza_store_locator_use_their_location\":false,\"wpgmza_store_locator_bounce\":false,\"wpgmza_sl_animation\":null,\"wpgmza_store_locator_hide_before_search\":false,\"store_locator_query_string\":\"\",\"store_locator_location_placeholder\":\"\",\"store_locator_default_address\":\"\",\"store_locator_name_search\":false,\"store_locator_name_string\":\"\",\"store_locator_not_found_message\":\"\",\"wpgmza_map_align\":\"1\",\"jump_to_nearest_marker_on_initialization\":false,\"automatically_pan_to_users_location\":false,\"override_users_location_zoom_level\":false,\"override_users_location_zoom_levels\":\"\",\"show_distance_from_location\":false,\"map_max_zoom\":\"21\",\"map_min_zoom\":\"0\",\"click_open_link\":false,\"fit_maps_bounds_to_markers\":false,\"fit_maps_bounds_to_markers_after_filtering\":false,\"hide_point_of_interest\":false,\"wpgmza_zoom_on_marker_click\":false,\"wpgmza_zoom_on_marker_click_slider\":\"\",\"close_infowindow_on_map_click\":false,\"disable_lightbox_images\":false,\"use_Raw_Jpeg_Coordinates\":false,\"polygon_labels\":false,\"disable_polygon_info_windows\":false,\"enable_marker_ratings\":false,\"only_load_markers_within_viewport\":false,\"iw_primary_color\":\"#000000\",\"iw_accent_color\":\"#000000\",\"iw_text_color\":\"#000000\",\"wpgmza_listmarkers_by\":\"0\",\"wpgmza_marker_listing_position\":false,\"wpgmza_push_in_map\":false,\"wpgmza_push_in_map_placement\":null,\"wpgmza_push_in_map_width\":\"\",\"wpgmza_push_in_map_height\":\"\",\"zoom_level_on_marker_listing_override\":false,\"zoom_level_on_marker_listing_click\":\"\",\"marker_listing_disable_zoom\":false,\"datatable_no_result_message\":\"\",\"remove_search_box_datables\":false,\"dataTable_pagination_style\":null,\"datatable_search_string\":\"\",\"datatable_result_start\":\"\",\"datatable_result_of\":\"\",\"datatable_result_to\":\"\",\"datatable_result_total\":\"\",\"datatable_result_show\":\"\",\"datatable_result_entries\":\"\",\"wpgmza_savemap\":\"Karte speichern \\u00bb\",\"wpgmza_theme\":\"0\"}}' data-map-id='1' Data-maps-engine='google-maps' data-shortcode-attributes='{\"id\":\"1\"}' style=\"display:block; overflow:auto; width:100%; height:400px; float:left;\"><\/div>\n\n\n<p style=\"font-size:16px\">Wir empfehlen die Anreise mit \u00d6V via Bushaltestelle &#8222;Rothenburg, Lindau&#8220;. Nach einem f\u00fcnfmin\u00fctigen Fussmarsch ist das Gel\u00e4nde bereits erreicht.<\/p>\n\n\n\n<p style=\"font-size:16px\">Es stehen Parkpl\u00e4tze f\u00fcr die Anreise mit dem Auto direkt auf dem Ch\u00e4rnshalle-Areal zur Verf\u00fcgung. Die Parkpl\u00e4tze vom Quartier &#8222;Feldheim&#8220; d\u00fcrfen nicht benutzt werden.<\/p>\n","protected":false},"excerpt":{"rendered":"<p>Das Rothenburger Oktoberfest findet in der Ch\u00e4rnshalle Rothenburg statt. Wir empfehlen die Anreise mit \u00d6V via Bushaltestelle &#8222;Rothenburg, Lindau&#8220;. Nach einem f\u00fcnfmin\u00fctigen Fussmarsch ist das Gel\u00e4nde bereits erreicht. Es stehen Parkpl\u00e4tze f\u00fcr die Anreise mit dem Auto direkt auf dem Ch\u00e4rnshalle-Areal zur Verf\u00fcgung. Die Parkpl\u00e4tze vom Quartier &#8222;Feldheim&#8220; d\u00fcrfen nicht benutzt werden.<\/p>\n","protected":false},"author":2,"featured_media":0,"parent":0,"menu_order":0,"comment_status":"closed","ping_status":"closed","template":"","meta":{"ngg_post_thumbnail":0,"footnotes":""},"class_list":["post-360","page","type-page","status-publish","hentry"],"yoast_head":"<!-- This site is optimized with the Yoast SEO plugin v27.2 - https:\/\/yoast.com\/product\/yoast-seo-wordpress\/ -->\n<title>An- und Abreise - Rothenburger Oktoberfest<\/title>\n<meta name=\"robots\" content=\"index, follow, max-snippet:-1, max-image-preview:large, max-video-preview:-1\" \/>\n<link rel=\"canonical\" href=\"https:\/\/www.rothenburger-oktoberfest.ch\/?page_id=360\" \/>\n<meta property=\"og:locale\" content=\"de_DE\" \/>\n<meta property=\"og:type\" content=\"article\" \/>\n<meta property=\"og:title\" content=\"An- und Abreise - Rothenburger Oktoberfest\" \/>\n<meta property=\"og:description\" content=\"Das Rothenburger Oktoberfest findet in der Ch\u00e4rnshalle Rothenburg statt. Wir empfehlen die Anreise mit \u00d6V via Bushaltestelle &#8222;Rothenburg, Lindau&#8220;. Nach einem f\u00fcnfmin\u00fctigen Fussmarsch ist das Gel\u00e4nde bereits erreicht. Es stehen Parkpl\u00e4tze f\u00fcr die Anreise mit dem Auto direkt auf dem Ch\u00e4rnshalle-Areal zur Verf\u00fcgung. Die Parkpl\u00e4tze vom Quartier &#8222;Feldheim&#8220; d\u00fcrfen nicht benutzt werden.\" \/>\n<meta property=\"og:url\" content=\"https:\/\/www.rothenburger-oktoberfest.ch\/?page_id=360\" \/>\n<meta property=\"og:site_name\" content=\"Rothenburger Oktoberfest\" \/>\n<meta property=\"article:modified_time\" content=\"2024-07-02T20:13:40+00:00\" \/>\n<meta name=\"twitter:card\" content=\"summary_large_image\" \/>\n<meta name=\"twitter:label1\" content=\"Gesch\u00e4tzte Lesezeit\" \/>\n\t<meta name=\"twitter:data1\" content=\"1\u00a0Minute\" \/>\n<script type=\"application\/ld+json\" class=\"yoast-schema-graph\">{\"@context\":\"https:\/\/schema.org\",\"@graph\":[{\"@type\":\"WebPage\",\"@id\":\"https:\/\/www.rothenburger-oktoberfest.ch\/?page_id=360\",\"url\":\"https:\/\/www.rothenburger-oktoberfest.ch\/?page_id=360\",\"name\":\"An- und Abreise - Rothenburger Oktoberfest\",\"isPartOf\":{\"@id\":\"https:\/\/www.rothenburger-oktoberfest.ch\/#website\"},\"datePublished\":\"2023-08-23T05:12:17+00:00\",\"dateModified\":\"2024-07-02T20:13:40+00:00\",\"breadcrumb\":{\"@id\":\"https:\/\/www.rothenburger-oktoberfest.ch\/?page_id=360#breadcrumb\"},\"inLanguage\":\"de\",\"potentialAction\":[{\"@type\":\"ReadAction\",\"target\":[\"https:\/\/www.rothenburger-oktoberfest.ch\/?page_id=360\"]}]},{\"@type\":\"BreadcrumbList\",\"@id\":\"https:\/\/www.rothenburger-oktoberfest.ch\/?page_id=360#breadcrumb\",\"itemListElement\":[{\"@type\":\"ListItem\",\"position\":1,\"name\":\"Startseite\",\"item\":\"https:\/\/www.rothenburger-oktoberfest.ch\/\"},{\"@type\":\"ListItem\",\"position\":2,\"name\":\"An- und Abreise\"}]},{\"@type\":\"WebSite\",\"@id\":\"https:\/\/www.rothenburger-oktoberfest.ch\/#website\",\"url\":\"https:\/\/www.rothenburger-oktoberfest.ch\/\",\"name\":\"Rothenburger Oktoberfest\",\"description\":\"Ein Prosit der Gemutlichkeit...\",\"publisher\":{\"@id\":\"https:\/\/www.rothenburger-oktoberfest.ch\/#organization\"},\"potentialAction\":[{\"@type\":\"SearchAction\",\"target\":{\"@type\":\"EntryPoint\",\"urlTemplate\":\"https:\/\/www.rothenburger-oktoberfest.ch\/?s={search_term_string}\"},\"query-input\":{\"@type\":\"PropertyValueSpecification\",\"valueRequired\":true,\"valueName\":\"search_term_string\"}}],\"inLanguage\":\"de\"},{\"@type\":\"Organization\",\"@id\":\"https:\/\/www.rothenburger-oktoberfest.ch\/#organization\",\"name\":\"Rothenburger Oktoberfest\",\"url\":\"https:\/\/www.rothenburger-oktoberfest.ch\/\",\"logo\":{\"@type\":\"ImageObject\",\"inLanguage\":\"de\",\"@id\":\"https:\/\/www.rothenburger-oktoberfest.ch\/#\/schema\/logo\/image\/\",\"url\":\"https:\/\/www.rothenburger-oktoberfest.ch\/wp-content\/uploads\/2023\/05\/cropped-cropped-Header-Webseite-2-1-1.jpg\",\"contentUrl\":\"https:\/\/www.rothenburger-oktoberfest.ch\/wp-content\/uploads\/2023\/05\/cropped-cropped-Header-Webseite-2-1-1.jpg\",\"width\":1063,\"height\":320,\"caption\":\"Rothenburger Oktoberfest\"},\"image\":{\"@id\":\"https:\/\/www.rothenburger-oktoberfest.ch\/#\/schema\/logo\/image\/\"}}]}<\/script>\n<!-- \/ Yoast SEO plugin. -->","yoast_head_json":{"title":"An- und Abreise - Rothenburger Oktoberfest","robots":{"index":"index","follow":"follow","max-snippet":"max-snippet:-1","max-image-preview":"max-image-preview:large","max-video-preview":"max-video-preview:-1"},"canonical":"https:\/\/www.rothenburger-oktoberfest.ch\/?page_id=360","og_locale":"de_DE","og_type":"article","og_title":"An- und Abreise - Rothenburger Oktoberfest","og_description":"Das Rothenburger Oktoberfest findet in der Ch\u00e4rnshalle Rothenburg statt. Wir empfehlen die Anreise mit \u00d6V via Bushaltestelle &#8222;Rothenburg, Lindau&#8220;. Nach einem f\u00fcnfmin\u00fctigen Fussmarsch ist das Gel\u00e4nde bereits erreicht. Es stehen Parkpl\u00e4tze f\u00fcr die Anreise mit dem Auto direkt auf dem Ch\u00e4rnshalle-Areal zur Verf\u00fcgung. Die Parkpl\u00e4tze vom Quartier &#8222;Feldheim&#8220; d\u00fcrfen nicht benutzt werden.","og_url":"https:\/\/www.rothenburger-oktoberfest.ch\/?page_id=360","og_site_name":"Rothenburger Oktoberfest","article_modified_time":"2024-07-02T20:13:40+00:00","twitter_card":"summary_large_image","twitter_misc":{"Gesch\u00e4tzte Lesezeit":"1\u00a0Minute"},"schema":{"@context":"https:\/\/schema.org","@graph":[{"@type":"WebPage","@id":"https:\/\/www.rothenburger-oktoberfest.ch\/?page_id=360","url":"https:\/\/www.rothenburger-oktoberfest.ch\/?page_id=360","name":"An- und Abreise - Rothenburger Oktoberfest","isPartOf":{"@id":"https:\/\/www.rothenburger-oktoberfest.ch\/#website"},"datePublished":"2023-08-23T05:12:17+00:00","dateModified":"2024-07-02T20:13:40+00:00","breadcrumb":{"@id":"https:\/\/www.rothenburger-oktoberfest.ch\/?page_id=360#breadcrumb"},"inLanguage":"de","potentialAction":[{"@type":"ReadAction","target":["https:\/\/www.rothenburger-oktoberfest.ch\/?page_id=360"]}]},{"@type":"BreadcrumbList","@id":"https:\/\/www.rothenburger-oktoberfest.ch\/?page_id=360#breadcrumb","itemListElement":[{"@type":"ListItem","position":1,"name":"Startseite","item":"https:\/\/www.rothenburger-oktoberfest.ch\/"},{"@type":"ListItem","position":2,"name":"An- und Abreise"}]},{"@type":"WebSite","@id":"https:\/\/www.rothenburger-oktoberfest.ch\/#website","url":"https:\/\/www.rothenburger-oktoberfest.ch\/","name":"Rothenburger Oktoberfest","description":"Ein Prosit der Gemutlichkeit...","publisher":{"@id":"https:\/\/www.rothenburger-oktoberfest.ch\/#organization"},"potentialAction":[{"@type":"SearchAction","target":{"@type":"EntryPoint","urlTemplate":"https:\/\/www.rothenburger-oktoberfest.ch\/?s={search_term_string}"},"query-input":{"@type":"PropertyValueSpecification","valueRequired":true,"valueName":"search_term_string"}}],"inLanguage":"de"},{"@type":"Organization","@id":"https:\/\/www.rothenburger-oktoberfest.ch\/#organization","name":"Rothenburger Oktoberfest","url":"https:\/\/www.rothenburger-oktoberfest.ch\/","logo":{"@type":"ImageObject","inLanguage":"de","@id":"https:\/\/www.rothenburger-oktoberfest.ch\/#\/schema\/logo\/image\/","url":"https:\/\/www.rothenburger-oktoberfest.ch\/wp-content\/uploads\/2023\/05\/cropped-cropped-Header-Webseite-2-1-1.jpg","contentUrl":"https:\/\/www.rothenburger-oktoberfest.ch\/wp-content\/uploads\/2023\/05\/cropped-cropped-Header-Webseite-2-1-1.jpg","width":1063,"height":320,"caption":"Rothenburger Oktoberfest"},"image":{"@id":"https:\/\/www.rothenburger-oktoberfest.ch\/#\/schema\/logo\/image\/"}}]}},"_links":{"self":[{"href":"https:\/\/www.rothenburger-oktoberfest.ch\/index.php?rest_route=\/wp\/v2\/pages\/360","targetHints":{"allow":["GET"]}}],"collection":[{"href":"https:\/\/www.rothenburger-oktoberfest.ch\/index.php?rest_route=\/wp\/v2\/pages"}],"about":[{"href":"https:\/\/www.rothenburger-oktoberfest.ch\/index.php?rest_route=\/wp\/v2\/types\/page"}],"author":[{"embeddable":true,"href":"https:\/\/www.rothenburger-oktoberfest.ch\/index.php?rest_route=\/wp\/v2\/users\/2"}],"replies":[{"embeddable":true,"href":"https:\/\/www.rothenburger-oktoberfest.ch\/index.php?rest_route=%2Fwp%2Fv2%2Fcomments&post=360"}],"version-history":[{"count":12,"href":"https:\/\/www.rothenburger-oktoberfest.ch\/index.php?rest_route=\/wp\/v2\/pages\/360\/revisions"}],"predecessor-version":[{"id":1338,"href":"https:\/\/www.rothenburger-oktoberfest.ch\/index.php?rest_route=\/wp\/v2\/pages\/360\/revisions\/1338"}],"wp:attachment":[{"href":"https:\/\/www.rothenburger-oktoberfest.ch\/index.php?rest_route=%2Fwp%2Fv2%2Fmedia&parent=360"}],"curies":[{"name":"wp","href":"https:\/\/api.w.org\/{rel}","templated":true}]}}