{"id":67,"date":"2023-05-25T21:42:12","date_gmt":"2023-05-25T21:42:12","guid":{"rendered":"https:\/\/oktoberfest.flaeckegosler.ch\/?page_id=67"},"modified":"2025-08-18T16:26:21","modified_gmt":"2025-08-18T16:26:21","slug":"die-flaeckegosler","status":"publish","type":"page","link":"https:\/\/www.rothenburger-oktoberfest.ch\/?page_id=67","title":{"rendered":"Fl\u00e4ckegosler Roteborg"},"content":{"rendered":"\n<p style=\"font-size:16px\">Unser Verein besteht aus rund 60 musikbegeisterten und fasnachtsverr\u00fcckten Personen, welche das ganze Jahr auf die Fasnacht hinarbeiten und dabei die Vereinskultur hegen und pflegen. Seit der Gr\u00fcndung 1989 haben wir uns nach und nach zu einem wichtigen und ganzj\u00e4hrigen Kulturgut der Rothenburger Gemeinde entwickelt.<\/p>\n\n\n\n<p style=\"font-size:16px\">Das Rothenburger Oktoberfest verk\u00f6rpert unsere Werte hervorragend. Ein geselliger Anlass, bei welchem Alt und Jung zusammenkommen, gemeinsam Unvergessliches erleben und den Zusammenhalt in Rothenburg st\u00e4rken. Mehr Informationen zu uns Fl\u00e4ckegosler findet ihr auf unserer <a data-type=\"URL\" data-id=\"https:\/\/flaeckegosler.ch\/#\/\" href=\"https:\/\/flaeckegosler.ch\/#\/\" target=\"_blank\" rel=\"noreferrer noopener\">Webseite<\/a>.<\/p>\n\n\n\n<figure class=\"wp-block-image size-large\"><img loading=\"lazy\" decoding=\"async\" width=\"1024\" height=\"768\" src=\"https:\/\/www.rothenburger-oktoberfest.ch\/wp-content\/uploads\/2023\/08\/IMG_4338-1024x768.jpeg\" alt=\"\" class=\"wp-image-382\" srcset=\"https:\/\/www.rothenburger-oktoberfest.ch\/wp-content\/uploads\/2023\/08\/IMG_4338-1024x768.jpeg 1024w, https:\/\/www.rothenburger-oktoberfest.ch\/wp-content\/uploads\/2023\/08\/IMG_4338-300x225.jpeg 300w, https:\/\/www.rothenburger-oktoberfest.ch\/wp-content\/uploads\/2023\/08\/IMG_4338-768x576.jpeg 768w, https:\/\/www.rothenburger-oktoberfest.ch\/wp-content\/uploads\/2023\/08\/IMG_4338-1536x1152.jpeg 1536w, https:\/\/www.rothenburger-oktoberfest.ch\/wp-content\/uploads\/2023\/08\/IMG_4338.jpeg 2048w\" sizes=\"auto, (max-width: 1024px) 100vw, 1024px\" \/><\/figure>\n\n\n\n<p><\/p>\n\n\n\n<p>*Die Gosler am Fr\u00fchlingsfest in Stuttgart. #reissdieh\u00fctteab<\/p>\n","protected":false},"excerpt":{"rendered":"<p>Unser Verein besteht aus rund 60 musikbegeisterten und fasnachtsverr\u00fcckten Personen, welche das ganze Jahr auf die Fasnacht hinarbeiten und dabei die Vereinskultur hegen und pflegen. Seit der Gr\u00fcndung 1989 haben wir uns nach und nach zu einem wichtigen und ganzj\u00e4hrigen Kulturgut der Rothenburger Gemeinde entwickelt. Das Rothenburger Oktoberfest verk\u00f6rpert unsere Werte hervorragend. Ein geselliger Anlass, [&hellip;]<\/p>\n","protected":false},"author":2,"featured_media":0,"parent":0,"menu_order":0,"comment_status":"closed","ping_status":"closed","template":"","meta":{"ngg_post_thumbnail":0,"footnotes":""},"class_list":["post-67","page","type-page","status-publish","hentry"],"yoast_head":"<!-- This site is optimized with the Yoast SEO plugin v27.2 - https:\/\/yoast.com\/product\/yoast-seo-wordpress\/ -->\n<title>Fl\u00e4ckegosler Roteborg - Rothenburger Oktoberfest<\/title>\n<meta name=\"robots\" content=\"index, follow, max-snippet:-1, max-image-preview:large, max-video-preview:-1\" \/>\n<link rel=\"canonical\" href=\"https:\/\/www.rothenburger-oktoberfest.ch\/?page_id=67\" \/>\n<meta property=\"og:locale\" content=\"de_DE\" \/>\n<meta property=\"og:type\" content=\"article\" \/>\n<meta property=\"og:title\" content=\"Fl\u00e4ckegosler Roteborg - Rothenburger Oktoberfest\" \/>\n<meta property=\"og:description\" content=\"Unser Verein besteht aus rund 60 musikbegeisterten und fasnachtsverr\u00fcckten Personen, welche das ganze Jahr auf die Fasnacht hinarbeiten und dabei die Vereinskultur hegen und pflegen. Seit der Gr\u00fcndung 1989 haben wir uns nach und nach zu einem wichtigen und ganzj\u00e4hrigen Kulturgut der Rothenburger Gemeinde entwickelt. Das Rothenburger Oktoberfest verk\u00f6rpert unsere Werte hervorragend. Ein geselliger Anlass, [&hellip;]\" \/>\n<meta property=\"og:url\" content=\"https:\/\/www.rothenburger-oktoberfest.ch\/?page_id=67\" \/>\n<meta property=\"og:site_name\" content=\"Rothenburger Oktoberfest\" \/>\n<meta property=\"article:modified_time\" content=\"2025-08-18T16:26:21+00:00\" \/>\n<meta property=\"og:image\" content=\"https:\/\/www.rothenburger-oktoberfest.ch\/wp-content\/uploads\/2023\/08\/IMG_4338.jpeg\" \/>\n\t<meta property=\"og:image:width\" content=\"2048\" \/>\n\t<meta property=\"og:image:height\" content=\"1536\" \/>\n\t<meta property=\"og:image:type\" content=\"image\/jpeg\" \/>\n<meta name=\"twitter:card\" content=\"summary_large_image\" \/>\n<meta name=\"twitter:label1\" content=\"Gesch\u00e4tzte Lesezeit\" \/>\n\t<meta name=\"twitter:data1\" content=\"1\u00a0Minute\" \/>\n<script type=\"application\/ld+json\" class=\"yoast-schema-graph\">{\"@context\":\"https:\/\/schema.org\",\"@graph\":[{\"@type\":\"WebPage\",\"@id\":\"https:\/\/www.rothenburger-oktoberfest.ch\/?page_id=67\",\"url\":\"https:\/\/www.rothenburger-oktoberfest.ch\/?page_id=67\",\"name\":\"Fl\u00e4ckegosler Roteborg - Rothenburger Oktoberfest\",\"isPartOf\":{\"@id\":\"https:\/\/www.rothenburger-oktoberfest.ch\/#website\"},\"primaryImageOfPage\":{\"@id\":\"https:\/\/www.rothenburger-oktoberfest.ch\/?page_id=67#primaryimage\"},\"image\":{\"@id\":\"https:\/\/www.rothenburger-oktoberfest.ch\/?page_id=67#primaryimage\"},\"thumbnailUrl\":\"https:\/\/www.rothenburger-oktoberfest.ch\/wp-content\/uploads\/2023\/08\/IMG_4338-1024x768.jpeg\",\"datePublished\":\"2023-05-25T21:42:12+00:00\",\"dateModified\":\"2025-08-18T16:26:21+00:00\",\"breadcrumb\":{\"@id\":\"https:\/\/www.rothenburger-oktoberfest.ch\/?page_id=67#breadcrumb\"},\"inLanguage\":\"de\",\"potentialAction\":[{\"@type\":\"ReadAction\",\"target\":[\"https:\/\/www.rothenburger-oktoberfest.ch\/?page_id=67\"]}]},{\"@type\":\"ImageObject\",\"inLanguage\":\"de\",\"@id\":\"https:\/\/www.rothenburger-oktoberfest.ch\/?page_id=67#primaryimage\",\"url\":\"https:\/\/www.rothenburger-oktoberfest.ch\/wp-content\/uploads\/2023\/08\/IMG_4338-1024x768.jpeg\",\"contentUrl\":\"https:\/\/www.rothenburger-oktoberfest.ch\/wp-content\/uploads\/2023\/08\/IMG_4338-1024x768.jpeg\"},{\"@type\":\"BreadcrumbList\",\"@id\":\"https:\/\/www.rothenburger-oktoberfest.ch\/?page_id=67#breadcrumb\",\"itemListElement\":[{\"@type\":\"ListItem\",\"position\":1,\"name\":\"Startseite\",\"item\":\"https:\/\/www.rothenburger-oktoberfest.ch\/\"},{\"@type\":\"ListItem\",\"position\":2,\"name\":\"Fl\u00e4ckegosler Roteborg\"}]},{\"@type\":\"WebSite\",\"@id\":\"https:\/\/www.rothenburger-oktoberfest.ch\/#website\",\"url\":\"https:\/\/www.rothenburger-oktoberfest.ch\/\",\"name\":\"Rothenburger Oktoberfest\",\"description\":\"Ein Prosit der Gemutlichkeit...\",\"publisher\":{\"@id\":\"https:\/\/www.rothenburger-oktoberfest.ch\/#organization\"},\"potentialAction\":[{\"@type\":\"SearchAction\",\"target\":{\"@type\":\"EntryPoint\",\"urlTemplate\":\"https:\/\/www.rothenburger-oktoberfest.ch\/?s={search_term_string}\"},\"query-input\":{\"@type\":\"PropertyValueSpecification\",\"valueRequired\":true,\"valueName\":\"search_term_string\"}}],\"inLanguage\":\"de\"},{\"@type\":\"Organization\",\"@id\":\"https:\/\/www.rothenburger-oktoberfest.ch\/#organization\",\"name\":\"Rothenburger Oktoberfest\",\"url\":\"https:\/\/www.rothenburger-oktoberfest.ch\/\",\"logo\":{\"@type\":\"ImageObject\",\"inLanguage\":\"de\",\"@id\":\"https:\/\/www.rothenburger-oktoberfest.ch\/#\/schema\/logo\/image\/\",\"url\":\"https:\/\/www.rothenburger-oktoberfest.ch\/wp-content\/uploads\/2023\/05\/cropped-cropped-Header-Webseite-2-1-1.jpg\",\"contentUrl\":\"https:\/\/www.rothenburger-oktoberfest.ch\/wp-content\/uploads\/2023\/05\/cropped-cropped-Header-Webseite-2-1-1.jpg\",\"width\":1063,\"height\":320,\"caption\":\"Rothenburger Oktoberfest\"},\"image\":{\"@id\":\"https:\/\/www.rothenburger-oktoberfest.ch\/#\/schema\/logo\/image\/\"}}]}<\/script>\n<!-- \/ Yoast SEO plugin. -->","yoast_head_json":{"title":"Fl\u00e4ckegosler Roteborg - Rothenburger Oktoberfest","robots":{"index":"index","follow":"follow","max-snippet":"max-snippet:-1","max-image-preview":"max-image-preview:large","max-video-preview":"max-video-preview:-1"},"canonical":"https:\/\/www.rothenburger-oktoberfest.ch\/?page_id=67","og_locale":"de_DE","og_type":"article","og_title":"Fl\u00e4ckegosler Roteborg - Rothenburger Oktoberfest","og_description":"Unser Verein besteht aus rund 60 musikbegeisterten und fasnachtsverr\u00fcckten Personen, welche das ganze Jahr auf die Fasnacht hinarbeiten und dabei die Vereinskultur hegen und pflegen. Seit der Gr\u00fcndung 1989 haben wir uns nach und nach zu einem wichtigen und ganzj\u00e4hrigen Kulturgut der Rothenburger Gemeinde entwickelt. Das Rothenburger Oktoberfest verk\u00f6rpert unsere Werte hervorragend. Ein geselliger Anlass, [&hellip;]","og_url":"https:\/\/www.rothenburger-oktoberfest.ch\/?page_id=67","og_site_name":"Rothenburger Oktoberfest","article_modified_time":"2025-08-18T16:26:21+00:00","og_image":[{"width":2048,"height":1536,"url":"https:\/\/www.rothenburger-oktoberfest.ch\/wp-content\/uploads\/2023\/08\/IMG_4338.jpeg","type":"image\/jpeg"}],"twitter_card":"summary_large_image","twitter_misc":{"Gesch\u00e4tzte Lesezeit":"1\u00a0Minute"},"schema":{"@context":"https:\/\/schema.org","@graph":[{"@type":"WebPage","@id":"https:\/\/www.rothenburger-oktoberfest.ch\/?page_id=67","url":"https:\/\/www.rothenburger-oktoberfest.ch\/?page_id=67","name":"Fl\u00e4ckegosler Roteborg - Rothenburger Oktoberfest","isPartOf":{"@id":"https:\/\/www.rothenburger-oktoberfest.ch\/#website"},"primaryImageOfPage":{"@id":"https:\/\/www.rothenburger-oktoberfest.ch\/?page_id=67#primaryimage"},"image":{"@id":"https:\/\/www.rothenburger-oktoberfest.ch\/?page_id=67#primaryimage"},"thumbnailUrl":"https:\/\/www.rothenburger-oktoberfest.ch\/wp-content\/uploads\/2023\/08\/IMG_4338-1024x768.jpeg","datePublished":"2023-05-25T21:42:12+00:00","dateModified":"2025-08-18T16:26:21+00:00","breadcrumb":{"@id":"https:\/\/www.rothenburger-oktoberfest.ch\/?page_id=67#breadcrumb"},"inLanguage":"de","potentialAction":[{"@type":"ReadAction","target":["https:\/\/www.rothenburger-oktoberfest.ch\/?page_id=67"]}]},{"@type":"ImageObject","inLanguage":"de","@id":"https:\/\/www.rothenburger-oktoberfest.ch\/?page_id=67#primaryimage","url":"https:\/\/www.rothenburger-oktoberfest.ch\/wp-content\/uploads\/2023\/08\/IMG_4338-1024x768.jpeg","contentUrl":"https:\/\/www.rothenburger-oktoberfest.ch\/wp-content\/uploads\/2023\/08\/IMG_4338-1024x768.jpeg"},{"@type":"BreadcrumbList","@id":"https:\/\/www.rothenburger-oktoberfest.ch\/?page_id=67#breadcrumb","itemListElement":[{"@type":"ListItem","position":1,"name":"Startseite","item":"https:\/\/www.rothenburger-oktoberfest.ch\/"},{"@type":"ListItem","position":2,"name":"Fl\u00e4ckegosler Roteborg"}]},{"@type":"WebSite","@id":"https:\/\/www.rothenburger-oktoberfest.ch\/#website","url":"https:\/\/www.rothenburger-oktoberfest.ch\/","name":"Rothenburger Oktoberfest","description":"Ein Prosit der Gemutlichkeit...","publisher":{"@id":"https:\/\/www.rothenburger-oktoberfest.ch\/#organization"},"potentialAction":[{"@type":"SearchAction","target":{"@type":"EntryPoint","urlTemplate":"https:\/\/www.rothenburger-oktoberfest.ch\/?s={search_term_string}"},"query-input":{"@type":"PropertyValueSpecification","valueRequired":true,"valueName":"search_term_string"}}],"inLanguage":"de"},{"@type":"Organization","@id":"https:\/\/www.rothenburger-oktoberfest.ch\/#organization","name":"Rothenburger Oktoberfest","url":"https:\/\/www.rothenburger-oktoberfest.ch\/","logo":{"@type":"ImageObject","inLanguage":"de","@id":"https:\/\/www.rothenburger-oktoberfest.ch\/#\/schema\/logo\/image\/","url":"https:\/\/www.rothenburger-oktoberfest.ch\/wp-content\/uploads\/2023\/05\/cropped-cropped-Header-Webseite-2-1-1.jpg","contentUrl":"https:\/\/www.rothenburger-oktoberfest.ch\/wp-content\/uploads\/2023\/05\/cropped-cropped-Header-Webseite-2-1-1.jpg","width":1063,"height":320,"caption":"Rothenburger Oktoberfest"},"image":{"@id":"https:\/\/www.rothenburger-oktoberfest.ch\/#\/schema\/logo\/image\/"}}]}},"_links":{"self":[{"href":"https:\/\/www.rothenburger-oktoberfest.ch\/index.php?rest_route=\/wp\/v2\/pages\/67","targetHints":{"allow":["GET"]}}],"collection":[{"href":"https:\/\/www.rothenburger-oktoberfest.ch\/index.php?rest_route=\/wp\/v2\/pages"}],"about":[{"href":"https:\/\/www.rothenburger-oktoberfest.ch\/index.php?rest_route=\/wp\/v2\/types\/page"}],"author":[{"embeddable":true,"href":"https:\/\/www.rothenburger-oktoberfest.ch\/index.php?rest_route=\/wp\/v2\/users\/2"}],"replies":[{"embeddable":true,"href":"https:\/\/www.rothenburger-oktoberfest.ch\/index.php?rest_route=%2Fwp%2Fv2%2Fcomments&post=67"}],"version-history":[{"count":17,"href":"https:\/\/www.rothenburger-oktoberfest.ch\/index.php?rest_route=\/wp\/v2\/pages\/67\/revisions"}],"predecessor-version":[{"id":2320,"href":"https:\/\/www.rothenburger-oktoberfest.ch\/index.php?rest_route=\/wp\/v2\/pages\/67\/revisions\/2320"}],"wp:attachment":[{"href":"https:\/\/www.rothenburger-oktoberfest.ch\/index.php?rest_route=%2Fwp%2Fv2%2Fmedia&parent=67"}],"curies":[{"name":"wp","href":"https:\/\/api.w.org\/{rel}","templated":true}]}}