{"id":70,"date":"2023-05-25T21:42:29","date_gmt":"2023-05-25T21:42:29","guid":{"rendered":"https:\/\/oktoberfest.flaeckegosler.ch\/?page_id=70"},"modified":"2025-06-07T09:26:51","modified_gmt":"2025-06-07T09:26:51","slug":"das-ok","status":"publish","type":"page","link":"https:\/\/www.rothenburger-oktoberfest.ch\/?page_id=70","title":{"rendered":"Organisationskomitee Rothenburger Oktoberfest"},"content":{"rendered":"\n<p style=\"font-size:16px\">Das Organisationskomitee &#8211; das sogenannte OK-toberfest &#8211; besteht aus f\u00fcnf gschaffigen Mitgliedern der Fl\u00e4ckegosler.<\/p>\n\n\n\n<figure class=\"wp-block-image size-large\"><img loading=\"lazy\" decoding=\"async\" width=\"1024\" height=\"683\" src=\"https:\/\/www.rothenburger-oktoberfest.ch\/wp-content\/uploads\/2025\/06\/DSC00503-1024x683.jpg\" alt=\"\" class=\"wp-image-2255\" srcset=\"https:\/\/www.rothenburger-oktoberfest.ch\/wp-content\/uploads\/2025\/06\/DSC00503-1024x683.jpg 1024w, https:\/\/www.rothenburger-oktoberfest.ch\/wp-content\/uploads\/2025\/06\/DSC00503-300x200.jpg 300w, https:\/\/www.rothenburger-oktoberfest.ch\/wp-content\/uploads\/2025\/06\/DSC00503-768x512.jpg 768w, https:\/\/www.rothenburger-oktoberfest.ch\/wp-content\/uploads\/2025\/06\/DSC00503-1536x1024.jpg 1536w, https:\/\/www.rothenburger-oktoberfest.ch\/wp-content\/uploads\/2025\/06\/DSC00503-2048x1365.jpg 2048w\" sizes=\"auto, (max-width: 1024px) 100vw, 1024px\" \/><\/figure>\n\n\n\n<p>2025 v.l.n.r.: Luis Blunschi (OKP), Tim Bachmann, Raphael Scheidegger, Joel Zeier, Manuel M\u00fchlebach<\/p>\n\n\n\n<figure class=\"wp-block-image size-large\"><img loading=\"lazy\" decoding=\"async\" width=\"1024\" height=\"683\" src=\"https:\/\/www.rothenburger-oktoberfest.ch\/wp-content\/uploads\/2024\/04\/DSC00013-2-1024x683.jpg\" alt=\"\" class=\"wp-image-1139\" srcset=\"https:\/\/www.rothenburger-oktoberfest.ch\/wp-content\/uploads\/2024\/04\/DSC00013-2-1024x683.jpg 1024w, https:\/\/www.rothenburger-oktoberfest.ch\/wp-content\/uploads\/2024\/04\/DSC00013-2-300x200.jpg 300w, https:\/\/www.rothenburger-oktoberfest.ch\/wp-content\/uploads\/2024\/04\/DSC00013-2-768x512.jpg 768w, https:\/\/www.rothenburger-oktoberfest.ch\/wp-content\/uploads\/2024\/04\/DSC00013-2-1536x1024.jpg 1536w, https:\/\/www.rothenburger-oktoberfest.ch\/wp-content\/uploads\/2024\/04\/DSC00013-2-2048x1365.jpg 2048w\" sizes=\"auto, (max-width: 1024px) 100vw, 1024px\" \/><\/figure>\n\n\n\n<p>2024 v.l.n.r.: Raphael Scheidegger, Chiara K\u00f6chli, Manuel M\u00fchlebach (OKP), Chantal Fischer, Luis Blunschi<\/p>\n\n\n\n<div style=\"height:21px\" aria-hidden=\"true\" class=\"wp-block-spacer\"><\/div>\n\n\n\n<figure class=\"wp-block-image size-large\"><img loading=\"lazy\" decoding=\"async\" width=\"1024\" height=\"645\" src=\"https:\/\/www.rothenburger-oktoberfest.ch\/wp-content\/uploads\/2023\/05\/IMG_4365-zugeschnitten-1024x645.jpeg\" alt=\"\" class=\"wp-image-78\" srcset=\"https:\/\/www.rothenburger-oktoberfest.ch\/wp-content\/uploads\/2023\/05\/IMG_4365-zugeschnitten-1024x645.jpeg 1024w, https:\/\/www.rothenburger-oktoberfest.ch\/wp-content\/uploads\/2023\/05\/IMG_4365-zugeschnitten-300x189.jpeg 300w, https:\/\/www.rothenburger-oktoberfest.ch\/wp-content\/uploads\/2023\/05\/IMG_4365-zugeschnitten-768x484.jpeg 768w, https:\/\/www.rothenburger-oktoberfest.ch\/wp-content\/uploads\/2023\/05\/IMG_4365-zugeschnitten-1536x968.jpeg 1536w, https:\/\/www.rothenburger-oktoberfest.ch\/wp-content\/uploads\/2023\/05\/IMG_4365-zugeschnitten.jpeg 2030w\" sizes=\"auto, (max-width: 1024px) 100vw, 1024px\" \/><\/figure>\n\n\n\n<p>2023 v.l.n.r.: Manuel M\u00fchlebach (OKP), Chantal Fischer, Justin F\u00e4si , Chiara K\u00f6chli, Luis Blunschi<\/p>\n","protected":false},"excerpt":{"rendered":"<p>Das Organisationskomitee &#8211; das sogenannte OK-toberfest &#8211; besteht aus f\u00fcnf gschaffigen Mitgliedern der Fl\u00e4ckegosler. 2025 v.l.n.r.: Luis Blunschi (OKP), Tim Bachmann, Raphael Scheidegger, Joel Zeier, Manuel M\u00fchlebach 2024 v.l.n.r.: Raphael Scheidegger, Chiara K\u00f6chli, Manuel M\u00fchlebach (OKP), Chantal Fischer, Luis Blunschi 2023 v.l.n.r.: Manuel M\u00fchlebach (OKP), Chantal Fischer, Justin F\u00e4si , Chiara K\u00f6chli, Luis Blunschi<\/p>\n","protected":false},"author":2,"featured_media":0,"parent":0,"menu_order":0,"comment_status":"closed","ping_status":"closed","template":"","meta":{"ngg_post_thumbnail":0,"footnotes":""},"class_list":["post-70","page","type-page","status-publish","hentry"],"yoast_head":"<!-- This site is optimized with the Yoast SEO plugin v27.2 - https:\/\/yoast.com\/product\/yoast-seo-wordpress\/ -->\n<title>Organisationskomitee Rothenburger Oktoberfest - Rothenburger Oktoberfest<\/title>\n<meta name=\"robots\" content=\"index, follow, max-snippet:-1, max-image-preview:large, max-video-preview:-1\" \/>\n<link rel=\"canonical\" href=\"https:\/\/www.rothenburger-oktoberfest.ch\/?page_id=70\" \/>\n<meta property=\"og:locale\" content=\"de_DE\" \/>\n<meta property=\"og:type\" content=\"article\" \/>\n<meta property=\"og:title\" content=\"Organisationskomitee Rothenburger Oktoberfest - Rothenburger Oktoberfest\" \/>\n<meta property=\"og:description\" content=\"Das Organisationskomitee &#8211; das sogenannte OK-toberfest &#8211; besteht aus f\u00fcnf gschaffigen Mitgliedern der Fl\u00e4ckegosler. 2025 v.l.n.r.: Luis Blunschi (OKP), Tim Bachmann, Raphael Scheidegger, Joel Zeier, Manuel M\u00fchlebach 2024 v.l.n.r.: Raphael Scheidegger, Chiara K\u00f6chli, Manuel M\u00fchlebach (OKP), Chantal Fischer, Luis Blunschi 2023 v.l.n.r.: Manuel M\u00fchlebach (OKP), Chantal Fischer, Justin F\u00e4si , Chiara K\u00f6chli, Luis Blunschi\" \/>\n<meta property=\"og:url\" content=\"https:\/\/www.rothenburger-oktoberfest.ch\/?page_id=70\" \/>\n<meta property=\"og:site_name\" content=\"Rothenburger Oktoberfest\" \/>\n<meta property=\"article:modified_time\" content=\"2025-06-07T09:26:51+00:00\" \/>\n<meta property=\"og:image\" content=\"https:\/\/www.rothenburger-oktoberfest.ch\/wp-content\/uploads\/2025\/06\/DSC00503-scaled.jpg\" \/>\n\t<meta property=\"og:image:width\" content=\"2560\" \/>\n\t<meta property=\"og:image:height\" content=\"1707\" \/>\n\t<meta property=\"og:image:type\" content=\"image\/jpeg\" \/>\n<meta name=\"twitter:card\" content=\"summary_large_image\" \/>\n<meta name=\"twitter:label1\" content=\"Gesch\u00e4tzte Lesezeit\" \/>\n\t<meta name=\"twitter:data1\" content=\"1\u00a0Minute\" \/>\n<script type=\"application\/ld+json\" class=\"yoast-schema-graph\">{\"@context\":\"https:\/\/schema.org\",\"@graph\":[{\"@type\":\"WebPage\",\"@id\":\"https:\/\/www.rothenburger-oktoberfest.ch\/?page_id=70\",\"url\":\"https:\/\/www.rothenburger-oktoberfest.ch\/?page_id=70\",\"name\":\"Organisationskomitee Rothenburger Oktoberfest - Rothenburger Oktoberfest\",\"isPartOf\":{\"@id\":\"https:\/\/www.rothenburger-oktoberfest.ch\/#website\"},\"primaryImageOfPage\":{\"@id\":\"https:\/\/www.rothenburger-oktoberfest.ch\/?page_id=70#primaryimage\"},\"image\":{\"@id\":\"https:\/\/www.rothenburger-oktoberfest.ch\/?page_id=70#primaryimage\"},\"thumbnailUrl\":\"https:\/\/www.rothenburger-oktoberfest.ch\/wp-content\/uploads\/2025\/06\/DSC00503-1024x683.jpg\",\"datePublished\":\"2023-05-25T21:42:29+00:00\",\"dateModified\":\"2025-06-07T09:26:51+00:00\",\"breadcrumb\":{\"@id\":\"https:\/\/www.rothenburger-oktoberfest.ch\/?page_id=70#breadcrumb\"},\"inLanguage\":\"de\",\"potentialAction\":[{\"@type\":\"ReadAction\",\"target\":[\"https:\/\/www.rothenburger-oktoberfest.ch\/?page_id=70\"]}]},{\"@type\":\"ImageObject\",\"inLanguage\":\"de\",\"@id\":\"https:\/\/www.rothenburger-oktoberfest.ch\/?page_id=70#primaryimage\",\"url\":\"https:\/\/www.rothenburger-oktoberfest.ch\/wp-content\/uploads\/2025\/06\/DSC00503-scaled.jpg\",\"contentUrl\":\"https:\/\/www.rothenburger-oktoberfest.ch\/wp-content\/uploads\/2025\/06\/DSC00503-scaled.jpg\",\"width\":2560,\"height\":1707},{\"@type\":\"BreadcrumbList\",\"@id\":\"https:\/\/www.rothenburger-oktoberfest.ch\/?page_id=70#breadcrumb\",\"itemListElement\":[{\"@type\":\"ListItem\",\"position\":1,\"name\":\"Startseite\",\"item\":\"https:\/\/www.rothenburger-oktoberfest.ch\/\"},{\"@type\":\"ListItem\",\"position\":2,\"name\":\"Organisationskomitee Rothenburger Oktoberfest\"}]},{\"@type\":\"WebSite\",\"@id\":\"https:\/\/www.rothenburger-oktoberfest.ch\/#website\",\"url\":\"https:\/\/www.rothenburger-oktoberfest.ch\/\",\"name\":\"Rothenburger Oktoberfest\",\"description\":\"Ein Prosit der Gemutlichkeit...\",\"publisher\":{\"@id\":\"https:\/\/www.rothenburger-oktoberfest.ch\/#organization\"},\"potentialAction\":[{\"@type\":\"SearchAction\",\"target\":{\"@type\":\"EntryPoint\",\"urlTemplate\":\"https:\/\/www.rothenburger-oktoberfest.ch\/?s={search_term_string}\"},\"query-input\":{\"@type\":\"PropertyValueSpecification\",\"valueRequired\":true,\"valueName\":\"search_term_string\"}}],\"inLanguage\":\"de\"},{\"@type\":\"Organization\",\"@id\":\"https:\/\/www.rothenburger-oktoberfest.ch\/#organization\",\"name\":\"Rothenburger Oktoberfest\",\"url\":\"https:\/\/www.rothenburger-oktoberfest.ch\/\",\"logo\":{\"@type\":\"ImageObject\",\"inLanguage\":\"de\",\"@id\":\"https:\/\/www.rothenburger-oktoberfest.ch\/#\/schema\/logo\/image\/\",\"url\":\"https:\/\/www.rothenburger-oktoberfest.ch\/wp-content\/uploads\/2023\/05\/cropped-cropped-Header-Webseite-2-1-1.jpg\",\"contentUrl\":\"https:\/\/www.rothenburger-oktoberfest.ch\/wp-content\/uploads\/2023\/05\/cropped-cropped-Header-Webseite-2-1-1.jpg\",\"width\":1063,\"height\":320,\"caption\":\"Rothenburger Oktoberfest\"},\"image\":{\"@id\":\"https:\/\/www.rothenburger-oktoberfest.ch\/#\/schema\/logo\/image\/\"}}]}<\/script>\n<!-- \/ Yoast SEO plugin. -->","yoast_head_json":{"title":"Organisationskomitee Rothenburger Oktoberfest - Rothenburger Oktoberfest","robots":{"index":"index","follow":"follow","max-snippet":"max-snippet:-1","max-image-preview":"max-image-preview:large","max-video-preview":"max-video-preview:-1"},"canonical":"https:\/\/www.rothenburger-oktoberfest.ch\/?page_id=70","og_locale":"de_DE","og_type":"article","og_title":"Organisationskomitee Rothenburger Oktoberfest - Rothenburger Oktoberfest","og_description":"Das Organisationskomitee &#8211; das sogenannte OK-toberfest &#8211; besteht aus f\u00fcnf gschaffigen Mitgliedern der Fl\u00e4ckegosler. 2025 v.l.n.r.: Luis Blunschi (OKP), Tim Bachmann, Raphael Scheidegger, Joel Zeier, Manuel M\u00fchlebach 2024 v.l.n.r.: Raphael Scheidegger, Chiara K\u00f6chli, Manuel M\u00fchlebach (OKP), Chantal Fischer, Luis Blunschi 2023 v.l.n.r.: Manuel M\u00fchlebach (OKP), Chantal Fischer, Justin F\u00e4si , Chiara K\u00f6chli, Luis Blunschi","og_url":"https:\/\/www.rothenburger-oktoberfest.ch\/?page_id=70","og_site_name":"Rothenburger Oktoberfest","article_modified_time":"2025-06-07T09:26:51+00:00","og_image":[{"width":2560,"height":1707,"url":"https:\/\/www.rothenburger-oktoberfest.ch\/wp-content\/uploads\/2025\/06\/DSC00503-scaled.jpg","type":"image\/jpeg"}],"twitter_card":"summary_large_image","twitter_misc":{"Gesch\u00e4tzte Lesezeit":"1\u00a0Minute"},"schema":{"@context":"https:\/\/schema.org","@graph":[{"@type":"WebPage","@id":"https:\/\/www.rothenburger-oktoberfest.ch\/?page_id=70","url":"https:\/\/www.rothenburger-oktoberfest.ch\/?page_id=70","name":"Organisationskomitee Rothenburger Oktoberfest - Rothenburger Oktoberfest","isPartOf":{"@id":"https:\/\/www.rothenburger-oktoberfest.ch\/#website"},"primaryImageOfPage":{"@id":"https:\/\/www.rothenburger-oktoberfest.ch\/?page_id=70#primaryimage"},"image":{"@id":"https:\/\/www.rothenburger-oktoberfest.ch\/?page_id=70#primaryimage"},"thumbnailUrl":"https:\/\/www.rothenburger-oktoberfest.ch\/wp-content\/uploads\/2025\/06\/DSC00503-1024x683.jpg","datePublished":"2023-05-25T21:42:29+00:00","dateModified":"2025-06-07T09:26:51+00:00","breadcrumb":{"@id":"https:\/\/www.rothenburger-oktoberfest.ch\/?page_id=70#breadcrumb"},"inLanguage":"de","potentialAction":[{"@type":"ReadAction","target":["https:\/\/www.rothenburger-oktoberfest.ch\/?page_id=70"]}]},{"@type":"ImageObject","inLanguage":"de","@id":"https:\/\/www.rothenburger-oktoberfest.ch\/?page_id=70#primaryimage","url":"https:\/\/www.rothenburger-oktoberfest.ch\/wp-content\/uploads\/2025\/06\/DSC00503-scaled.jpg","contentUrl":"https:\/\/www.rothenburger-oktoberfest.ch\/wp-content\/uploads\/2025\/06\/DSC00503-scaled.jpg","width":2560,"height":1707},{"@type":"BreadcrumbList","@id":"https:\/\/www.rothenburger-oktoberfest.ch\/?page_id=70#breadcrumb","itemListElement":[{"@type":"ListItem","position":1,"name":"Startseite","item":"https:\/\/www.rothenburger-oktoberfest.ch\/"},{"@type":"ListItem","position":2,"name":"Organisationskomitee Rothenburger Oktoberfest"}]},{"@type":"WebSite","@id":"https:\/\/www.rothenburger-oktoberfest.ch\/#website","url":"https:\/\/www.rothenburger-oktoberfest.ch\/","name":"Rothenburger Oktoberfest","description":"Ein Prosit der Gemutlichkeit...","publisher":{"@id":"https:\/\/www.rothenburger-oktoberfest.ch\/#organization"},"potentialAction":[{"@type":"SearchAction","target":{"@type":"EntryPoint","urlTemplate":"https:\/\/www.rothenburger-oktoberfest.ch\/?s={search_term_string}"},"query-input":{"@type":"PropertyValueSpecification","valueRequired":true,"valueName":"search_term_string"}}],"inLanguage":"de"},{"@type":"Organization","@id":"https:\/\/www.rothenburger-oktoberfest.ch\/#organization","name":"Rothenburger Oktoberfest","url":"https:\/\/www.rothenburger-oktoberfest.ch\/","logo":{"@type":"ImageObject","inLanguage":"de","@id":"https:\/\/www.rothenburger-oktoberfest.ch\/#\/schema\/logo\/image\/","url":"https:\/\/www.rothenburger-oktoberfest.ch\/wp-content\/uploads\/2023\/05\/cropped-cropped-Header-Webseite-2-1-1.jpg","contentUrl":"https:\/\/www.rothenburger-oktoberfest.ch\/wp-content\/uploads\/2023\/05\/cropped-cropped-Header-Webseite-2-1-1.jpg","width":1063,"height":320,"caption":"Rothenburger Oktoberfest"},"image":{"@id":"https:\/\/www.rothenburger-oktoberfest.ch\/#\/schema\/logo\/image\/"}}]}},"_links":{"self":[{"href":"https:\/\/www.rothenburger-oktoberfest.ch\/index.php?rest_route=\/wp\/v2\/pages\/70","targetHints":{"allow":["GET"]}}],"collection":[{"href":"https:\/\/www.rothenburger-oktoberfest.ch\/index.php?rest_route=\/wp\/v2\/pages"}],"about":[{"href":"https:\/\/www.rothenburger-oktoberfest.ch\/index.php?rest_route=\/wp\/v2\/types\/page"}],"author":[{"embeddable":true,"href":"https:\/\/www.rothenburger-oktoberfest.ch\/index.php?rest_route=\/wp\/v2\/users\/2"}],"replies":[{"embeddable":true,"href":"https:\/\/www.rothenburger-oktoberfest.ch\/index.php?rest_route=%2Fwp%2Fv2%2Fcomments&post=70"}],"version-history":[{"count":27,"href":"https:\/\/www.rothenburger-oktoberfest.ch\/index.php?rest_route=\/wp\/v2\/pages\/70\/revisions"}],"predecessor-version":[{"id":2257,"href":"https:\/\/www.rothenburger-oktoberfest.ch\/index.php?rest_route=\/wp\/v2\/pages\/70\/revisions\/2257"}],"wp:attachment":[{"href":"https:\/\/www.rothenburger-oktoberfest.ch\/index.php?rest_route=%2Fwp%2Fv2%2Fmedia&parent=70"}],"curies":[{"name":"wp","href":"https:\/\/api.w.org\/{rel}","templated":true}]}}