{"id":8,"date":"2023-05-25T18:49:28","date_gmt":"2023-05-25T18:49:28","guid":{"rendered":"https:\/\/oktoberfest.flaeckegosler.ch\/?page_id=8"},"modified":"2026-01-13T20:34:40","modified_gmt":"2026-01-13T20:34:40","slug":"rothenburger-oktoberfest","status":"publish","type":"page","link":"https:\/\/www.rothenburger-oktoberfest.ch\/","title":{"rendered":"News"},"content":{"rendered":"\n<h1 class=\"wp-block-heading has-text-align-center\">Willkommen beim Rothenburger Oktoberfest!<\/h1>\n\n\n\n<h2 class=\"wp-block-heading has-text-align-center\" style=\"font-size:28px\"><mark style=\"background-color:rgba(0, 0, 0, 0);color:#cd9b12\" class=\"has-inline-color\"><strong>Vielen Dank f\u00fcr deinen Besuch!<\/strong><\/mark><\/h2>\n\n\n\n<p class=\"has-text-align-center\" style=\"font-size:22px\"><a href=\"https:\/\/www.rothenburger-oktoberfest.ch\/?page_id=1128\">Hier geht es zu den Bildern<\/a><\/p>\n\n\n\n<div style=\"height:30px\" aria-hidden=\"true\" class=\"wp-block-spacer\"><\/div>\n\n\n\n<p class=\"has-text-align-center\" style=\"font-size:22px\"><strong>Die n\u00e4chste Ausgabe findet im September 2027 statt<\/strong>!<\/p>\n\n\n\n<div style=\"height:26px\" aria-hidden=\"true\" class=\"wp-block-spacer\"><\/div>\n\n\n\n<h2 class=\"wp-block-heading has-text-align-center\">Eure Fl\u00e4ckegosler<\/h2>\n\n\n\n<div style=\"height:26px\" aria-hidden=\"true\" class=\"wp-block-spacer\"><\/div>\n\n\n\n<figure class=\"wp-block-image size-large\"><img loading=\"lazy\" decoding=\"async\" width=\"1024\" height=\"683\" src=\"https:\/\/www.rothenburger-oktoberfest.ch\/wp-content\/uploads\/2025\/09\/DSC_0002-2-1024x683.jpg\" alt=\"\" class=\"wp-image-3626\" srcset=\"https:\/\/www.rothenburger-oktoberfest.ch\/wp-content\/uploads\/2025\/09\/DSC_0002-2-1024x683.jpg 1024w, https:\/\/www.rothenburger-oktoberfest.ch\/wp-content\/uploads\/2025\/09\/DSC_0002-2-300x200.jpg 300w, https:\/\/www.rothenburger-oktoberfest.ch\/wp-content\/uploads\/2025\/09\/DSC_0002-2-768x512.jpg 768w, https:\/\/www.rothenburger-oktoberfest.ch\/wp-content\/uploads\/2025\/09\/DSC_0002-2-1536x1024.jpg 1536w, https:\/\/www.rothenburger-oktoberfest.ch\/wp-content\/uploads\/2025\/09\/DSC_0002-2.jpg 2048w\" sizes=\"auto, (max-width: 1024px) 100vw, 1024px\" \/><\/figure>\n\n\n\n<div style=\"height:26px\" aria-hidden=\"true\" class=\"wp-block-spacer\"><\/div>\n\n\n\n<p><\/p>\n","protected":false},"excerpt":{"rendered":"<p>Willkommen beim Rothenburger Oktoberfest! Vielen Dank f\u00fcr deinen Besuch! Hier geht es zu den Bildern Die n\u00e4chste Ausgabe findet im September 2027 statt! Eure Fl\u00e4ckegosler<\/p>\n","protected":false},"author":2,"featured_media":0,"parent":0,"menu_order":0,"comment_status":"closed","ping_status":"closed","template":"","meta":{"ngg_post_thumbnail":0,"footnotes":""},"class_list":["post-8","page","type-page","status-publish","hentry"],"yoast_head":"<!-- This site is optimized with the Yoast SEO plugin v27.2 - https:\/\/yoast.com\/product\/yoast-seo-wordpress\/ -->\n<title>News - Rothenburger Oktoberfest<\/title>\n<meta name=\"robots\" content=\"index, follow, max-snippet:-1, max-image-preview:large, max-video-preview:-1\" \/>\n<link rel=\"canonical\" href=\"https:\/\/www.rothenburger-oktoberfest.ch\/\" \/>\n<meta property=\"og:locale\" content=\"de_DE\" \/>\n<meta property=\"og:type\" content=\"article\" \/>\n<meta property=\"og:title\" content=\"News - Rothenburger Oktoberfest\" \/>\n<meta property=\"og:description\" content=\"Willkommen beim Rothenburger Oktoberfest! Vielen Dank f\u00fcr deinen Besuch! Hier geht es zu den Bildern Die n\u00e4chste Ausgabe findet im September 2027 statt! Eure Fl\u00e4ckegosler\" \/>\n<meta property=\"og:url\" content=\"https:\/\/www.rothenburger-oktoberfest.ch\/\" \/>\n<meta property=\"og:site_name\" content=\"Rothenburger Oktoberfest\" \/>\n<meta property=\"article:modified_time\" content=\"2026-01-13T20:34:40+00:00\" \/>\n<meta property=\"og:image\" content=\"https:\/\/www.rothenburger-oktoberfest.ch\/wp-content\/uploads\/2025\/09\/DSC_0002-2.jpg\" \/>\n\t<meta property=\"og:image:width\" content=\"2048\" \/>\n\t<meta property=\"og:image:height\" content=\"1365\" \/>\n\t<meta property=\"og:image:type\" content=\"image\/jpeg\" \/>\n<meta name=\"twitter:card\" content=\"summary_large_image\" \/>\n<meta name=\"twitter:label1\" content=\"Gesch\u00e4tzte Lesezeit\" \/>\n\t<meta name=\"twitter:data1\" content=\"1\u00a0Minute\" \/>\n<script type=\"application\/ld+json\" class=\"yoast-schema-graph\">{\"@context\":\"https:\/\/schema.org\",\"@graph\":[{\"@type\":\"WebPage\",\"@id\":\"https:\/\/www.rothenburger-oktoberfest.ch\/\",\"url\":\"https:\/\/www.rothenburger-oktoberfest.ch\/\",\"name\":\"News - Rothenburger Oktoberfest\",\"isPartOf\":{\"@id\":\"https:\/\/www.rothenburger-oktoberfest.ch\/#website\"},\"primaryImageOfPage\":{\"@id\":\"https:\/\/www.rothenburger-oktoberfest.ch\/#primaryimage\"},\"image\":{\"@id\":\"https:\/\/www.rothenburger-oktoberfest.ch\/#primaryimage\"},\"thumbnailUrl\":\"https:\/\/www.rothenburger-oktoberfest.ch\/wp-content\/uploads\/2025\/09\/DSC_0002-2-1024x683.jpg\",\"datePublished\":\"2023-05-25T18:49:28+00:00\",\"dateModified\":\"2026-01-13T20:34:40+00:00\",\"breadcrumb\":{\"@id\":\"https:\/\/www.rothenburger-oktoberfest.ch\/#breadcrumb\"},\"inLanguage\":\"de\",\"potentialAction\":[{\"@type\":\"ReadAction\",\"target\":[\"https:\/\/www.rothenburger-oktoberfest.ch\/\"]}]},{\"@type\":\"ImageObject\",\"inLanguage\":\"de\",\"@id\":\"https:\/\/www.rothenburger-oktoberfest.ch\/#primaryimage\",\"url\":\"https:\/\/www.rothenburger-oktoberfest.ch\/wp-content\/uploads\/2025\/09\/DSC_0002-2.jpg\",\"contentUrl\":\"https:\/\/www.rothenburger-oktoberfest.ch\/wp-content\/uploads\/2025\/09\/DSC_0002-2.jpg\",\"width\":2048,\"height\":1365},{\"@type\":\"BreadcrumbList\",\"@id\":\"https:\/\/www.rothenburger-oktoberfest.ch\/#breadcrumb\",\"itemListElement\":[{\"@type\":\"ListItem\",\"position\":1,\"name\":\"Startseite\",\"item\":\"https:\/\/www.rothenburger-oktoberfest.ch\/\"},{\"@type\":\"ListItem\",\"position\":2,\"name\":\"News\"}]},{\"@type\":\"WebSite\",\"@id\":\"https:\/\/www.rothenburger-oktoberfest.ch\/#website\",\"url\":\"https:\/\/www.rothenburger-oktoberfest.ch\/\",\"name\":\"Rothenburger Oktoberfest\",\"description\":\"Ein Prosit der Gemutlichkeit...\",\"publisher\":{\"@id\":\"https:\/\/www.rothenburger-oktoberfest.ch\/#organization\"},\"potentialAction\":[{\"@type\":\"SearchAction\",\"target\":{\"@type\":\"EntryPoint\",\"urlTemplate\":\"https:\/\/www.rothenburger-oktoberfest.ch\/?s={search_term_string}\"},\"query-input\":{\"@type\":\"PropertyValueSpecification\",\"valueRequired\":true,\"valueName\":\"search_term_string\"}}],\"inLanguage\":\"de\"},{\"@type\":\"Organization\",\"@id\":\"https:\/\/www.rothenburger-oktoberfest.ch\/#organization\",\"name\":\"Rothenburger Oktoberfest\",\"url\":\"https:\/\/www.rothenburger-oktoberfest.ch\/\",\"logo\":{\"@type\":\"ImageObject\",\"inLanguage\":\"de\",\"@id\":\"https:\/\/www.rothenburger-oktoberfest.ch\/#\/schema\/logo\/image\/\",\"url\":\"https:\/\/www.rothenburger-oktoberfest.ch\/wp-content\/uploads\/2023\/05\/cropped-cropped-Header-Webseite-2-1-1.jpg\",\"contentUrl\":\"https:\/\/www.rothenburger-oktoberfest.ch\/wp-content\/uploads\/2023\/05\/cropped-cropped-Header-Webseite-2-1-1.jpg\",\"width\":1063,\"height\":320,\"caption\":\"Rothenburger Oktoberfest\"},\"image\":{\"@id\":\"https:\/\/www.rothenburger-oktoberfest.ch\/#\/schema\/logo\/image\/\"}}]}<\/script>\n<!-- \/ Yoast SEO plugin. -->","yoast_head_json":{"title":"News - Rothenburger Oktoberfest","robots":{"index":"index","follow":"follow","max-snippet":"max-snippet:-1","max-image-preview":"max-image-preview:large","max-video-preview":"max-video-preview:-1"},"canonical":"https:\/\/www.rothenburger-oktoberfest.ch\/","og_locale":"de_DE","og_type":"article","og_title":"News - Rothenburger Oktoberfest","og_description":"Willkommen beim Rothenburger Oktoberfest! Vielen Dank f\u00fcr deinen Besuch! Hier geht es zu den Bildern Die n\u00e4chste Ausgabe findet im September 2027 statt! Eure Fl\u00e4ckegosler","og_url":"https:\/\/www.rothenburger-oktoberfest.ch\/","og_site_name":"Rothenburger Oktoberfest","article_modified_time":"2026-01-13T20:34:40+00:00","og_image":[{"width":2048,"height":1365,"url":"https:\/\/www.rothenburger-oktoberfest.ch\/wp-content\/uploads\/2025\/09\/DSC_0002-2.jpg","type":"image\/jpeg"}],"twitter_card":"summary_large_image","twitter_misc":{"Gesch\u00e4tzte Lesezeit":"1\u00a0Minute"},"schema":{"@context":"https:\/\/schema.org","@graph":[{"@type":"WebPage","@id":"https:\/\/www.rothenburger-oktoberfest.ch\/","url":"https:\/\/www.rothenburger-oktoberfest.ch\/","name":"News - Rothenburger Oktoberfest","isPartOf":{"@id":"https:\/\/www.rothenburger-oktoberfest.ch\/#website"},"primaryImageOfPage":{"@id":"https:\/\/www.rothenburger-oktoberfest.ch\/#primaryimage"},"image":{"@id":"https:\/\/www.rothenburger-oktoberfest.ch\/#primaryimage"},"thumbnailUrl":"https:\/\/www.rothenburger-oktoberfest.ch\/wp-content\/uploads\/2025\/09\/DSC_0002-2-1024x683.jpg","datePublished":"2023-05-25T18:49:28+00:00","dateModified":"2026-01-13T20:34:40+00:00","breadcrumb":{"@id":"https:\/\/www.rothenburger-oktoberfest.ch\/#breadcrumb"},"inLanguage":"de","potentialAction":[{"@type":"ReadAction","target":["https:\/\/www.rothenburger-oktoberfest.ch\/"]}]},{"@type":"ImageObject","inLanguage":"de","@id":"https:\/\/www.rothenburger-oktoberfest.ch\/#primaryimage","url":"https:\/\/www.rothenburger-oktoberfest.ch\/wp-content\/uploads\/2025\/09\/DSC_0002-2.jpg","contentUrl":"https:\/\/www.rothenburger-oktoberfest.ch\/wp-content\/uploads\/2025\/09\/DSC_0002-2.jpg","width":2048,"height":1365},{"@type":"BreadcrumbList","@id":"https:\/\/www.rothenburger-oktoberfest.ch\/#breadcrumb","itemListElement":[{"@type":"ListItem","position":1,"name":"Startseite","item":"https:\/\/www.rothenburger-oktoberfest.ch\/"},{"@type":"ListItem","position":2,"name":"News"}]},{"@type":"WebSite","@id":"https:\/\/www.rothenburger-oktoberfest.ch\/#website","url":"https:\/\/www.rothenburger-oktoberfest.ch\/","name":"Rothenburger Oktoberfest","description":"Ein Prosit der Gemutlichkeit...","publisher":{"@id":"https:\/\/www.rothenburger-oktoberfest.ch\/#organization"},"potentialAction":[{"@type":"SearchAction","target":{"@type":"EntryPoint","urlTemplate":"https:\/\/www.rothenburger-oktoberfest.ch\/?s={search_term_string}"},"query-input":{"@type":"PropertyValueSpecification","valueRequired":true,"valueName":"search_term_string"}}],"inLanguage":"de"},{"@type":"Organization","@id":"https:\/\/www.rothenburger-oktoberfest.ch\/#organization","name":"Rothenburger Oktoberfest","url":"https:\/\/www.rothenburger-oktoberfest.ch\/","logo":{"@type":"ImageObject","inLanguage":"de","@id":"https:\/\/www.rothenburger-oktoberfest.ch\/#\/schema\/logo\/image\/","url":"https:\/\/www.rothenburger-oktoberfest.ch\/wp-content\/uploads\/2023\/05\/cropped-cropped-Header-Webseite-2-1-1.jpg","contentUrl":"https:\/\/www.rothenburger-oktoberfest.ch\/wp-content\/uploads\/2023\/05\/cropped-cropped-Header-Webseite-2-1-1.jpg","width":1063,"height":320,"caption":"Rothenburger Oktoberfest"},"image":{"@id":"https:\/\/www.rothenburger-oktoberfest.ch\/#\/schema\/logo\/image\/"}}]}},"_links":{"self":[{"href":"https:\/\/www.rothenburger-oktoberfest.ch\/index.php?rest_route=\/wp\/v2\/pages\/8","targetHints":{"allow":["GET"]}}],"collection":[{"href":"https:\/\/www.rothenburger-oktoberfest.ch\/index.php?rest_route=\/wp\/v2\/pages"}],"about":[{"href":"https:\/\/www.rothenburger-oktoberfest.ch\/index.php?rest_route=\/wp\/v2\/types\/page"}],"author":[{"embeddable":true,"href":"https:\/\/www.rothenburger-oktoberfest.ch\/index.php?rest_route=\/wp\/v2\/users\/2"}],"replies":[{"embeddable":true,"href":"https:\/\/www.rothenburger-oktoberfest.ch\/index.php?rest_route=%2Fwp%2Fv2%2Fcomments&post=8"}],"version-history":[{"count":201,"href":"https:\/\/www.rothenburger-oktoberfest.ch\/index.php?rest_route=\/wp\/v2\/pages\/8\/revisions"}],"predecessor-version":[{"id":13145,"href":"https:\/\/www.rothenburger-oktoberfest.ch\/index.php?rest_route=\/wp\/v2\/pages\/8\/revisions\/13145"}],"wp:attachment":[{"href":"https:\/\/www.rothenburger-oktoberfest.ch\/index.php?rest_route=%2Fwp%2Fv2%2Fmedia&parent=8"}],"curies":[{"name":"wp","href":"https:\/\/api.w.org\/{rel}","templated":true}]}}